{"id":70,"date":"2024-05-15T12:41:17","date_gmt":"2024-05-15T12:41:17","guid":{"rendered":"http:\/\/fluffle-business.com\/?page_id=70"},"modified":"2024-06-22T04:25:13","modified_gmt":"2024-06-22T04:25:13","slug":"about-us","status":"publish","type":"page","link":"https:\/\/fluffle-business.com\/index.php\/ger\/about-us\/","title":{"rendered":"About Us"},"content":{"rendered":"\n<div class=\"wp-block-group is-vertical is-layout-flex wp-container-core-group-is-layout-1 wp-block-group-is-layout-flex\">\n<h2 class=\"wp-block-heading\">AkaneTegami<\/h2>\n\n\n\n<p>Hi, ich bin Akane.<br>Ich bin Studentin, teilzeit Streamerin Asien-Enthusiastin und ich liebe s\u00fc\u00dfe H\u00e4schen.<br><br><\/p>\n<\/div>\n\n\n\n<h2 class=\"wp-block-heading\">(El) Griseo<\/h2>\n\n\n\n<p>Hi, ich bin Griseo.<br>Ich bin Student, teilzeit (kleinere Teile als Akane) Streamer und manigfaltigfach interessierter Mensch. Ich mache gern Karate und spiele gern Video-Spiele. Au\u00dferdem liebe ich Frettchen<\/p>\n","protected":false},"excerpt":{"rendered":"<p>AkaneTegami Hi, ich bin Akane.Ich bin Studentin, teilzeit Streamerin Asien-Enthusiastin und ich liebe s\u00fc\u00dfe H\u00e4schen. (El) Griseo Hi, ich bin Griseo.Ich bin Student, teilzeit (kleinere Teile als Akane) Streamer und manigfaltigfach interessierter Mensch. Ich mache gern Karate und spiele gern Video-Spiele. Au\u00dferdem liebe ich Frettchen<\/p>\n","protected":false},"author":1,"featured_media":0,"parent":173,"menu_order":0,"comment_status":"closed","ping_status":"closed","template":"","meta":{"footnotes":""},"_links":{"self":[{"href":"https:\/\/fluffle-business.com\/index.php\/wp-json\/wp\/v2\/pages\/70"}],"collection":[{"href":"https:\/\/fluffle-business.com\/index.php\/wp-json\/wp\/v2\/pages"}],"about":[{"href":"https:\/\/fluffle-business.com\/index.php\/wp-json\/wp\/v2\/types\/page"}],"author":[{"embeddable":true,"href":"https:\/\/fluffle-business.com\/index.php\/wp-json\/wp\/v2\/users\/1"}],"replies":[{"embeddable":true,"href":"https:\/\/fluffle-business.com\/index.php\/wp-json\/wp\/v2\/comments?post=70"}],"version-history":[{"count":3,"href":"https:\/\/fluffle-business.com\/index.php\/wp-json\/wp\/v2\/pages\/70\/revisions"}],"predecessor-version":[{"id":189,"href":"https:\/\/fluffle-business.com\/index.php\/wp-json\/wp\/v2\/pages\/70\/revisions\/189"}],"up":[{"embeddable":true,"href":"https:\/\/fluffle-business.com\/index.php\/wp-json\/wp\/v2\/pages\/173"}],"wp:attachment":[{"href":"https:\/\/fluffle-business.com\/index.php\/wp-json\/wp\/v2\/media?parent=70"}],"curies":[{"name":"wp","href":"https:\/\/api.w.org\/{rel}","templated":true}]}}